{"id":129,"date":"2024-01-31T18:50:45","date_gmt":"2024-01-31T17:50:45","guid":{"rendered":"http:\/\/www.zestforlife-studio.com\/z\/?page_id=129"},"modified":"2024-09-17T13:06:11","modified_gmt":"2024-09-17T11:06:11","slug":"your-words","status":"publish","type":"page","link":"https:\/\/www.zestforlife-studio.com\/z\/index.php\/your-words\/","title":{"rendered":"Your Words"},"content":{"rendered":"<p>[et_pb_section fb_built=&#8221;1&#8243; fullwidth=&#8221;on&#8221; _builder_version=&#8221;4.27.0&#8243; _module_preset=&#8221;default&#8221; global_colors_info=&#8221;{}&#8221;][et_pb_fullwidth_menu _builder_version=&#8221;4.27.0&#8243; _module_preset=&#8221;default&#8221; global_colors_info=&#8221;{}&#8221;][\/et_pb_fullwidth_menu][\/et_pb_section][et_pb_section fb_built=&#8221;1&#8243; admin_label=&#8221;Header&#8221; _builder_version=&#8221;4.24.0&#8243; _module_preset=&#8221;default&#8221; use_background_color_gradient=&#8221;on&#8221; background_color_gradient_stops=&#8221;rgba(0,0,0,0.3) 0%|rgba(0,0,0,0.3) 100%&#8221; background_color_gradient_overlays_image=&#8221;on&#8221; background_image=&#8221;http:\/\/www.zestforlife-studio.com\/z\/wp-content\/uploads\/2024\/01\/zet-h.jpg&#8221; parallax=&#8221;on&#8221; locked=&#8221;off&#8221; collapsed=&#8221;on&#8221; global_colors_info=&#8221;{}&#8221;][et_pb_row _builder_version=&#8221;4.22.0&#8243; _module_preset=&#8221;default&#8221; global_colors_info=&#8221;{}&#8221;][et_pb_column type=&#8221;4_4&#8243; _builder_version=&#8221;4.22.0&#8243; _module_preset=&#8221;default&#8221; custom_padding=&#8221;60px||60px||true|false&#8221; custom_padding_tablet=&#8221;0px||0px||true|false&#8221; custom_padding_phone=&#8221;0px||0px||true|false&#8221; custom_padding_last_edited=&#8221;on|desktop&#8221; global_colors_info=&#8221;{}&#8221;][et_pb_text _builder_version=&#8221;4.22.0&#8243; _module_preset=&#8221;948a1ec9-06a0-41e8-a56e-fc147e953b1e&#8221; header_text_color=&#8221;#FFFFFF&#8221; global_colors_info=&#8221;{}&#8221;]<\/p>\n<header class=\"post-header\">\n<h1 class=\"page-title\">YOUR WORDS<\/h1>\n<\/header>\n<div class=\"post-content\">\n<div data-elementor-type=\"wp-post\" data-elementor-id=\"481\" class=\"elementor elementor-481 elementor-bc-flex-widget\" data-elementor-settings=\"[]\">\n<div class=\"elementor-inner\">\n<div class=\"elementor-section-wrap\">\n<section class=\"elementor-section elementor-top-section elementor-element elementor-element-65b96259 elementor-section-content-middle elementor-section-boxed elementor-section-height-default elementor-section-height-default\" data-id=\"65b96259\" data-element_type=\"section\">\n<div class=\"elementor-container elementor-column-gap-no\">\n<div class=\"elementor-row\">\n<div class=\"elementor-column elementor-col-100 elementor-top-column elementor-element elementor-element-232bd48f\" data-id=\"232bd48f\" data-element_type=\"column\">\n<div class=\"elementor-column-wrap elementor-element-populated\">\n<div class=\"elementor-widget-wrap\">\n<div class=\"elementor-element elementor-element-34c7167c elementor-widget elementor-widget-heading\" data-id=\"34c7167c\" data-element_type=\"widget\" data-widget_type=\"heading.default\">\n<div class=\"elementor-widget-container\"><\/div>\n<\/div>\n<\/div>\n<\/div>\n<\/div>\n<\/div>\n<\/div>\n<\/section>\n<\/div>\n<\/div>\n<\/div>\n<\/div>\n<p>[\/et_pb_text][\/et_pb_column][\/et_pb_row][\/et_pb_section][et_pb_section fb_built=&#8221;1&#8243; admin_label=&#8221;Pricing&#8221; _builder_version=&#8221;4.24.0&#8243; _module_preset=&#8221;default&#8221; background_image=&#8221;http:\/\/www.zestforlife-studio.com\/z\/wp-content\/uploads\/2024\/01\/Marion-8.jpeg&#8221; locked=&#8221;off&#8221; collapsed=&#8221;on&#8221; global_colors_info=&#8221;{}&#8221;][et_pb_row column_structure=&#8221;1_2,1_2&#8243; _builder_version=&#8221;4.24.0&#8243; _module_preset=&#8221;default&#8221; global_colors_info=&#8221;{}&#8221;][et_pb_column type=&#8221;1_2&#8243; _builder_version=&#8221;4.24.0&#8243; _module_preset=&#8221;default&#8221; global_colors_info=&#8221;{}&#8221;][et_pb_testimonial author=&#8221;\u00a0Une superbe rencontre et d\u00e9couverte d&#8217;un lieu unique. Marion nous accueille dans son petit cocon pour des s\u00e9ances \u00e0 la fois dynamiques, douces et \u00e9nergisantes. Avec son sourire et son punch c\u2019est un plaisir de pratiquer le pilate sous toutes ses formes, sur ballon, avec \u00e9lastiques etc. Marion propose des s\u00e9ances tr\u00e8s compl\u00e8tes et tr\u00e8s diff\u00e9rentes les unes des autres, chaque petit muscle est sollicit\u00e9 et toujours avec bienveillance et douceur. Chaque niveau trouve sa place durant une m\u00eame s\u00e9ance. Et le petit plus pratique dehors sous le soleil et une belle vue quand il fait beau \u00bb Sara &#8211; mum of 2.&#8221; job_title=&#8221;Wembley&#8221; portrait_url=&#8221;http:\/\/www.zestforlife-studio.com\/z\/wp-content\/uploads\/2024\/01\/cropped-LOGO-ZEST-FOR-LIFE-STUDIO-BLACK-BACKGROUND-scaled-1.jpg&#8221; _builder_version=&#8221;4.24.0&#8243; _module_preset=&#8221;default&#8221; global_colors_info=&#8221;{}&#8221;]<\/p>\n<div class=\"elementor-testimonial-content\"><\/div>\n<div class=\"elementor-testimonial-meta elementor-has-image elementor-testimonial-image-position-aside\">\n<div class=\"elementor-testimonial-meta-inner\">\n<div class=\"elementor-testimonial-image\"><\/div>\n<\/div>\n<\/div>\n<p>[\/et_pb_testimonial][\/et_pb_column][et_pb_column type=&#8221;1_2&#8243; _builder_version=&#8221;4.24.0&#8243; _module_preset=&#8221;default&#8221; global_colors_info=&#8221;{}&#8221;][et_pb_testimonial author=&#8221;Sylvie &#8211; business women and mum of 2&#8243; job_title=&#8221;Wembley&#8221; portrait_url=&#8221;http:\/\/www.zestforlife-studio.com\/z\/wp-content\/uploads\/2024\/01\/cropped-LOGO-ZEST-FOR-LIFE-STUDIO-BLACK-BACKGROUND-scaled-1.jpg&#8221; _builder_version=&#8221;4.24.0&#8243; _module_preset=&#8221;default&#8221; global_colors_info=&#8221;{}&#8221;]<\/p>\n<div class=\"elementor-testimonial-content\">Une \u00e9nergie contagieuse, des classes sur mesure avec un soin particulier a corriger les postures pour une performance maximale , le tout dans un studio agreable, tr\u00e8s \u00e9quipe et qui permet des cours en int\u00e9rieur comme en ext\u00e9rieur . Marion et son zesty fitness valent clairement le d\u00e9tour ! Je cherche toujours a me challenger, j ai clairement trouve mon adresse ! &#8220;<\/div>\n<div class=\"elementor-testimonial-meta elementor-has-image elementor-testimonial-image-position-aside\">\n<div class=\"elementor-testimonial-meta-inner\">\n<div class=\"elementor-testimonial-image\"><\/div>\n<\/div>\n<\/div>\n<p>[\/et_pb_testimonial][\/et_pb_column][\/et_pb_row][et_pb_row _builder_version=&#8221;4.24.0&#8243; _module_preset=&#8221;default&#8221; global_colors_info=&#8221;{}&#8221;][et_pb_column type=&#8221;4_4&#8243; _builder_version=&#8221;4.24.0&#8243; _module_preset=&#8221;default&#8221; global_colors_info=&#8221;{}&#8221;][et_pb_text _builder_version=&#8221;4.27.0&#8243; _module_preset=&#8221;default&#8221; hover_enabled=&#8221;0&#8243; inline_fonts=&#8221;ABeeZee&#8221; global_colors_info=&#8221;{}&#8221; background_color=&#8221;#FFFFFF&#8221; sticky_enabled=&#8221;0&#8243;]<\/p>\n<div class=\"elementor-element elementor-element-34c7167c elementor-widget elementor-widget-heading\" data-id=\"34c7167c\" data-element_type=\"widget\" data-widget_type=\"heading.default\">\n<div class=\"elementor-widget-container\">\n<h1 class=\"elementor-heading-title elementor-size-default\"><span style=\"color: #33cccc;\"><strong><span style=\"font-family: ABeeZee;\">You are my reward.<\/span><\/strong><\/span><\/h1>\n<\/div>\n<\/div>\n<section class=\"elementor-section elementor-inner-section elementor-element elementor-element-403888f5 elementor-section-boxed elementor-section-height-default elementor-section-height-default\" data-id=\"403888f5\" data-element_type=\"section\">\n<div class=\"elementor-container elementor-column-gap-default\">\n<div class=\"elementor-row\">\n<div class=\"elementor-column elementor-col-50 elementor-inner-column elementor-element elementor-element-5ab2cfb5\" data-id=\"5ab2cfb5\" data-element_type=\"column\" data-settings=\"{&quot;background_background&quot;:&quot;classic&quot;}\">\n<div class=\"elementor-column-wrap elementor-element-populated\">\n<div class=\"elementor-widget-wrap\">\n<div class=\"elementor-element elementor-element-25cc9687 elementor-widget elementor-widget-testimonial\" data-id=\"25cc9687\" data-element_type=\"widget\" data-widget_type=\"testimonial.default\">\n<div class=\"elementor-widget-container\">\n<div class=\"elementor-testimonial-wrapper\"><\/div>\n<\/div>\n<\/div>\n<\/div>\n<\/div>\n<\/div>\n<\/div>\n<\/div>\n<\/section>\n<p>[\/et_pb_text][\/et_pb_column][\/et_pb_row][et_pb_row column_structure=&#8221;1_2,1_2&#8243; _builder_version=&#8221;4.24.0&#8243; _module_preset=&#8221;default&#8221; global_colors_info=&#8221;{}&#8221;][et_pb_column type=&#8221;1_2&#8243; _builder_version=&#8221;4.24.0&#8243; _module_preset=&#8221;default&#8221; global_colors_info=&#8221;{}&#8221;][et_pb_testimonial author=&#8221;Natalie Garmondes&#8221; job_title=&#8221;Baker Street&#8221; portrait_url=&#8221;http:\/\/www.zestforlife-studio.com\/z\/wp-content\/uploads\/2024\/01\/cropped-LOGO-ZEST-FOR-LIFE-STUDIO-BLACK-BACKGROUND-scaled-1.jpg&#8221; _builder_version=&#8221;4.24.0&#8243; _module_preset=&#8221;default&#8221; global_colors_info=&#8221;{}&#8221;]<\/p>\n<div class=\"elementor-testimonial-content\">&#8220;Un cours sympa, ou on tout &#8220;s\u2019embo\u00eete&#8221; parfaitement: un \u00e9chauffenement doux et pens\u00e9 pour nos joints , renforcement musculaire avec un angle different a chaque classe et tout cela coach\u00e9 de fa\u00e7on tr\u00e8s pro, et on ressort totalement heureuse.&#8221;<\/div>\n<div class=\"elementor-testimonial-meta elementor-has-image elementor-testimonial-image-position-aside\">\n<div class=\"elementor-testimonial-meta-inner\">\n<div class=\"elementor-testimonial-image\"><\/div>\n<\/div>\n<\/div>\n<p>[\/et_pb_testimonial][\/et_pb_column][et_pb_column type=&#8221;1_2&#8243; _builder_version=&#8221;4.24.0&#8243; _module_preset=&#8221;default&#8221; global_colors_info=&#8221;{}&#8221;][et_pb_testimonial author=&#8221;Isabelle Larose&#8221; job_title=&#8221;Wembley&#8221; portrait_url=&#8221;http:\/\/www.zestforlife-studio.com\/z\/wp-content\/uploads\/2024\/01\/cropped-LOGO-ZEST-FOR-LIFE-STUDIO-BLACK-BACKGROUND-scaled-1.jpg&#8221; _builder_version=&#8221;4.24.0&#8243; _module_preset=&#8221;default&#8221; global_colors_info=&#8221;{}&#8221;]<\/p>\n<div class=\"elementor-testimonial-content\">&#8220;Une session avec Marion, c&#8217;est de la bienveillance, des exercices personnalis\u00e9s, de la bonne humeur et un shoot d\u2019\u00e9nergie !&#8221; (Maman de 3 gar\u00e7ons)<\/div>\n<div class=\"elementor-testimonial-meta elementor-has-image elementor-testimonial-image-position-aside\">\n<div class=\"elementor-testimonial-meta-inner\">\n<div class=\"elementor-testimonial-image\"><\/div>\n<\/div>\n<\/div>\n<p>[\/et_pb_testimonial][\/et_pb_column][\/et_pb_row][et_pb_row _builder_version=&#8221;4.24.0&#8243; _module_preset=&#8221;default&#8221; global_colors_info=&#8221;{}&#8221;][et_pb_column type=&#8221;4_4&#8243; _builder_version=&#8221;4.24.0&#8243; _module_preset=&#8221;default&#8221; global_colors_info=&#8221;{}&#8221;][et_pb_testimonial author=&#8221;Isabelle Leize&#8221; job_title=&#8221;3 enfants &#8211; Maman de LIL&#8221; portrait_url=&#8221;http:\/\/www.zestforlife-studio.com\/z\/wp-content\/uploads\/2024\/01\/cropped-LOGO-ZEST-FOR-LIFE-STUDIO-BLACK-BACKGROUND-scaled-1.jpg&#8221; _builder_version=&#8221;4.24.0&#8243; _module_preset=&#8221;default&#8221; global_colors_info=&#8221;{}&#8221;]<\/p>\n<div class=\"elementor-testimonial-content\">&#8220;J\u2019ai pratiqu\u00e9 de nombreux sports : danse sous toutes ses formes, fitness, running, marche nordique et zumba\u2026 La formule de Marion Bignone mixe un zeste de yoga pour la d\u00e9tente, un zeste de zumba pour le fun, un autre de fitness pour le maintien et de la relaxation. Le cours se d\u00e9roule dans une ambiance \u00e0 la fois festive et s\u00e9rieuse et Marion Bignone est tr\u00e8s attentive \u00e0 chaque \u00e9l\u00e8ve. Sa p\u00eache est contagieuse, son \u00e9coute sans faille : un cocktail d\u00e9tonnant et id\u00e9al pour se sentir\u2026 si bien !&#8221;<\/div>\n<div class=\"elementor-testimonial-meta elementor-has-image elementor-testimonial-image-position-aside\">\n<div class=\"elementor-testimonial-meta-inner\">\n<div class=\"elementor-testimonial-image\"><\/div>\n<\/div>\n<\/div>\n<p>[\/et_pb_testimonial][\/et_pb_column][\/et_pb_row][\/et_pb_section][et_pb_section fb_built=&#8221;1&#8243; admin_label=&#8221;Subscribe&#8221; _builder_version=&#8221;4.22.0&#8243; _module_preset=&#8221;default&#8221; saved_tabs=&#8221;all&#8221; collapsed=&#8221;on&#8221; global_colors_info=&#8221;{}&#8221;][et_pb_row _builder_version=&#8221;4.22.0&#8243; _module_preset=&#8221;default&#8221; max_width=&#8221;1260px&#8221; global_colors_info=&#8221;{}&#8221;][et_pb_column type=&#8221;4_4&#8243; _builder_version=&#8221;4.22.0&#8243; _module_preset=&#8221;default&#8221; global_colors_info=&#8221;{}&#8221;][et_pb_image src=&#8221;http:\/\/www.zestforlife-studio.com\/z\/wp-content\/uploads\/2024\/01\/00-Studio-scaled.jpg&#8221; title_text=&#8221;00 Studio&#8221; _builder_version=&#8221;4.24.0&#8243; _module_preset=&#8221;default&#8221; global_colors_info=&#8221;{}&#8221;][\/et_pb_image][\/et_pb_column][\/et_pb_row][\/et_pb_section][et_pb_section fb_built=&#8221;1&#8243; fullwidth=&#8221;on&#8221; _builder_version=&#8221;4.24.0&#8243; _module_preset=&#8221;default&#8221; global_colors_info=&#8221;{}&#8221;][et_pb_fullwidth_menu _builder_version=&#8221;4.24.0&#8243; _module_preset=&#8221;default&#8221; global_colors_info=&#8221;{}&#8221;][\/et_pb_fullwidth_menu][\/et_pb_section]<\/p>\n","protected":false},"excerpt":{"rendered":"<p>YOUR WORDS Une \u00e9nergie contagieuse, des classes sur mesure avec un soin particulier a corriger les postures pour une performance maximale , le tout dans un studio agreable, tr\u00e8s \u00e9quipe et qui permet des cours en int\u00e9rieur comme en ext\u00e9rieur . Marion et son zesty fitness valent clairement le d\u00e9tour ! Je cherche toujours a [&hellip;]<\/p>\n","protected":false},"author":1,"featured_media":0,"parent":0,"menu_order":0,"comment_status":"closed","ping_status":"closed","template":"page-template-blank.php","meta":{"_et_pb_use_builder":"on","_et_pb_old_content":"","_et_gb_content_width":"","footnotes":""},"class_list":["post-129","page","type-page","status-publish","hentry"],"_links":{"self":[{"href":"https:\/\/www.zestforlife-studio.com\/z\/index.php\/wp-json\/wp\/v2\/pages\/129","targetHints":{"allow":["GET"]}}],"collection":[{"href":"https:\/\/www.zestforlife-studio.com\/z\/index.php\/wp-json\/wp\/v2\/pages"}],"about":[{"href":"https:\/\/www.zestforlife-studio.com\/z\/index.php\/wp-json\/wp\/v2\/types\/page"}],"author":[{"embeddable":true,"href":"https:\/\/www.zestforlife-studio.com\/z\/index.php\/wp-json\/wp\/v2\/users\/1"}],"replies":[{"embeddable":true,"href":"https:\/\/www.zestforlife-studio.com\/z\/index.php\/wp-json\/wp\/v2\/comments?post=129"}],"version-history":[{"count":5,"href":"https:\/\/www.zestforlife-studio.com\/z\/index.php\/wp-json\/wp\/v2\/pages\/129\/revisions"}],"predecessor-version":[{"id":829,"href":"https:\/\/www.zestforlife-studio.com\/z\/index.php\/wp-json\/wp\/v2\/pages\/129\/revisions\/829"}],"wp:attachment":[{"href":"https:\/\/www.zestforlife-studio.com\/z\/index.php\/wp-json\/wp\/v2\/media?parent=129"}],"curies":[{"name":"wp","href":"https:\/\/api.w.org\/{rel}","templated":true}]}}